{"id":4944,"date":"2022-08-03T09:24:17","date_gmt":"2022-08-03T08:24:17","guid":{"rendered":"https:\/\/balatonneked.com\/?page_id=4944"},"modified":"2022-08-03T09:25:44","modified_gmt":"2022-08-03T08:25:44","slug":"reszlet-egy-korabbi-terkep-hirdetesi-oldalabol-2","status":"publish","type":"page","link":"https:\/\/balatonneked.com\/fr\/reszlet-egy-korabbi-terkep-hirdetesi-oldalabol-2\/","title":{"rendered":"R\u00e9szlet egy kor\u00e1bbi t\u00e9rk\u00e9p hirdet\u00e9si oldal\u00e1b\u00f3l"},"content":{"rendered":"<div data-elementor-type=\"wp-page\" data-elementor-id=\"4944\" class=\"elementor elementor-4944\" data-elementor-post-type=\"page\">\n\t\t\t\t\t\t<section class=\"elementor-section elementor-top-section elementor-element elementor-element-e3b905b elementor-section-height-full elementor-section-boxed elementor-section-height-default elementor-section-items-middle\" data-id=\"e3b905b\" data-element_type=\"section\">\n\t\t\t\t\t\t<div class=\"elementor-container elementor-column-gap-default\">\n\t\t\t\t\t<div class=\"elementor-column elementor-col-100 elementor-top-column elementor-element elementor-element-4da10ac\" data-id=\"4da10ac\" data-element_type=\"column\">\n\t\t\t<div class=\"elementor-widget-wrap elementor-element-populated\">\n\t\t\t\t\t\t<div class=\"elementor-element elementor-element-cb0f02c elementor-widget elementor-widget-image\" data-id=\"cb0f02c\" data-element_type=\"widget\" data-widget_type=\"image.default\">\n\t\t\t\t<div class=\"elementor-widget-container\">\n\t\t\t\t\t\t\t\t\t\t\t\t\t\t\t\t<a href=\"https:\/\/balatonneked.com\/wp-content\/uploads\/2022\/08\/Reszlet-egy-korabbi-terkep-hirdetesi-oldalabol-scaled.jpg\" data-elementor-open-lightbox=\"yes\" data-elementor-lightbox-title=\"R\u00e9szlet egy kor\u00e1bbi t\u00e9rk\u00e9p hirdet\u00e9si oldal\u00e1b\u00f3l\" data-e-action-hash=\"#elementor-action%3Aaction%3Dlightbox%26settings%3DeyJpZCI6NDc5MywidXJsIjoiaHR0cHM6XC9cL2JhbGF0b25uZWtlZC5jb21cL3dwLWNvbnRlbnRcL3VwbG9hZHNcLzIwMjJcLzA4XC9SZXN6bGV0LWVneS1rb3JhYmJpLXRlcmtlcC1oaXJkZXRlc2ktb2xkYWxhYm9sLXNjYWxlZC5qcGcifQ%3D%3D\">\n\t\t\t\t\t\t\t<img fetchpriority=\"high\" decoding=\"async\" width=\"1520\" height=\"2560\" src=\"https:\/\/balatonneked.com\/wp-content\/uploads\/2022\/08\/Reszlet-egy-korabbi-terkep-hirdetesi-oldalabol-scaled.jpg\" class=\"attachment-full size-full wp-image-4793\" alt=\"\" srcset=\"https:\/\/balatonneked.com\/wp-content\/uploads\/2022\/08\/Reszlet-egy-korabbi-terkep-hirdetesi-oldalabol-scaled.jpg 1520w, https:\/\/balatonneked.com\/wp-content\/uploads\/2022\/08\/Reszlet-egy-korabbi-terkep-hirdetesi-oldalabol-178x300.jpg 178w, https:\/\/balatonneked.com\/wp-content\/uploads\/2022\/08\/Reszlet-egy-korabbi-terkep-hirdetesi-oldalabol-608x1024.jpg 608w, https:\/\/balatonneked.com\/wp-content\/uploads\/2022\/08\/Reszlet-egy-korabbi-terkep-hirdetesi-oldalabol-768x1294.jpg 768w, https:\/\/balatonneked.com\/wp-content\/uploads\/2022\/08\/Reszlet-egy-korabbi-terkep-hirdetesi-oldalabol-912x1536.jpg 912w, https:\/\/balatonneked.com\/wp-content\/uploads\/2022\/08\/Reszlet-egy-korabbi-terkep-hirdetesi-oldalabol-1216x2048.jpg 1216w, https:\/\/balatonneked.com\/wp-content\/uploads\/2022\/08\/Reszlet-egy-korabbi-terkep-hirdetesi-oldalabol-593x999.jpg 593w, https:\/\/balatonneked.com\/wp-content\/uploads\/2022\/08\/Reszlet-egy-korabbi-terkep-hirdetesi-oldalabol-600x1011.jpg 600w\" sizes=\"(max-width: 1520px) 100vw, 1520px\" \/>\t\t\t\t\t\t\t\t<\/a>\n\t\t\t\t\t\t\t\t\t\t\t\t\t\t\t<\/div>\n\t\t\t\t<\/div>\n\t\t\t\t\t<\/div>\n\t\t<\/div>\n\t\t\t\t\t<\/div>\n\t\t<\/section>\n\t\t\t\t<\/div>","protected":false},"excerpt":{"rendered":"","protected":false},"author":1,"featured_media":0,"parent":0,"menu_order":0,"comment_status":"closed","ping_status":"closed","template":"elementor_canvas","meta":{"_acf_changed":false,"footnotes":""},"class_list":["post-4944","page","type-page","status-publish","hentry"],"acf":[],"yoast_head":"<!-- This site is optimized with the Yoast SEO plugin v25.1 - https:\/\/yoast.com\/wordpress\/plugins\/seo\/ -->\n<title>R\u00e9szlet egy kor\u00e1bbi t\u00e9rk\u00e9p hirdet\u00e9si oldal\u00e1b\u00f3l - BALATON NEKED<\/title>\n<meta name=\"robots\" content=\"index, follow, max-snippet:-1, max-image-preview:large, max-video-preview:-1\" \/>\n<link rel=\"canonical\" href=\"https:\/\/balatonneked.com\/fr\/reszlet-egy-korabbi-terkep-hirdetesi-oldalabol-2\/\" \/>\n<meta property=\"og:locale\" content=\"fr_FR\" \/>\n<meta property=\"og:type\" content=\"article\" \/>\n<meta property=\"og:title\" content=\"R\u00e9szlet egy kor\u00e1bbi t\u00e9rk\u00e9p hirdet\u00e9si oldal\u00e1b\u00f3l - BALATON NEKED\" \/>\n<meta property=\"og:url\" content=\"https:\/\/balatonneked.com\/fr\/reszlet-egy-korabbi-terkep-hirdetesi-oldalabol-2\/\" \/>\n<meta property=\"og:site_name\" content=\"BALATON NEKED\" \/>\n<meta property=\"article:publisher\" content=\"https:\/\/www.facebook.com\/BalatonNeked\" \/>\n<meta property=\"article:modified_time\" content=\"2022-08-03T08:25:44+00:00\" \/>\n<meta property=\"og:image\" content=\"https:\/\/balatonneked.com\/wp-content\/uploads\/2022\/08\/Reszlet-egy-korabbi-terkep-hirdetesi-oldalabol-scaled.jpg\" \/>\n<meta name=\"twitter:card\" content=\"summary_large_image\" \/>\n<meta name=\"twitter:label1\" content=\"Dur\u00e9e de lecture estim\u00e9e\" \/>\n\t<meta name=\"twitter:data1\" content=\"1 minute\" \/>\n<script type=\"application\/ld+json\" class=\"yoast-schema-graph\">{\"@context\":\"https:\/\/schema.org\",\"@graph\":[{\"@type\":\"WebPage\",\"@id\":\"https:\/\/balatonneked.com\/reszlet-egy-korabbi-terkep-hirdetesi-oldalabol-2\/\",\"url\":\"https:\/\/balatonneked.com\/reszlet-egy-korabbi-terkep-hirdetesi-oldalabol-2\/\",\"name\":\"R\u00e9szlet egy kor\u00e1bbi t\u00e9rk\u00e9p hirdet\u00e9si oldal\u00e1b\u00f3l - BALATON NEKED\",\"isPartOf\":{\"@id\":\"https:\/\/balatonneked.com\/#website\"},\"primaryImageOfPage\":{\"@id\":\"https:\/\/balatonneked.com\/reszlet-egy-korabbi-terkep-hirdetesi-oldalabol-2\/#primaryimage\"},\"image\":{\"@id\":\"https:\/\/balatonneked.com\/reszlet-egy-korabbi-terkep-hirdetesi-oldalabol-2\/#primaryimage\"},\"thumbnailUrl\":\"https:\/\/balatonneked.com\/wp-content\/uploads\/2022\/08\/Reszlet-egy-korabbi-terkep-hirdetesi-oldalabol-scaled.jpg\",\"datePublished\":\"2022-08-03T08:24:17+00:00\",\"dateModified\":\"2022-08-03T08:25:44+00:00\",\"breadcrumb\":{\"@id\":\"https:\/\/balatonneked.com\/reszlet-egy-korabbi-terkep-hirdetesi-oldalabol-2\/#breadcrumb\"},\"inLanguage\":\"fr-FR\",\"potentialAction\":[{\"@type\":\"ReadAction\",\"target\":[\"https:\/\/balatonneked.com\/reszlet-egy-korabbi-terkep-hirdetesi-oldalabol-2\/\"]}]},{\"@type\":\"ImageObject\",\"inLanguage\":\"fr-FR\",\"@id\":\"https:\/\/balatonneked.com\/reszlet-egy-korabbi-terkep-hirdetesi-oldalabol-2\/#primaryimage\",\"url\":\"https:\/\/balatonneked.com\/wp-content\/uploads\/2022\/08\/Reszlet-egy-korabbi-terkep-hirdetesi-oldalabol-scaled.jpg\",\"contentUrl\":\"https:\/\/balatonneked.com\/wp-content\/uploads\/2022\/08\/Reszlet-egy-korabbi-terkep-hirdetesi-oldalabol-scaled.jpg\"},{\"@type\":\"BreadcrumbList\",\"@id\":\"https:\/\/balatonneked.com\/reszlet-egy-korabbi-terkep-hirdetesi-oldalabol-2\/#breadcrumb\",\"itemListElement\":[{\"@type\":\"ListItem\",\"position\":1,\"name\":\"Kezd\u0151lap\",\"item\":\"https:\/\/balatonneked.com\/\"},{\"@type\":\"ListItem\",\"position\":2,\"name\":\"R\u00e9szlet egy kor\u00e1bbi t\u00e9rk\u00e9p hirdet\u00e9si oldal\u00e1b\u00f3l\"}]},{\"@type\":\"WebSite\",\"@id\":\"https:\/\/balatonneked.com\/#website\",\"url\":\"https:\/\/balatonneked.com\/\",\"name\":\"BALATON NEKED\",\"description\":\"A Balaton leginformat\u00edvabb magazinja\",\"publisher\":{\"@id\":\"https:\/\/balatonneked.com\/#organization\"},\"potentialAction\":[{\"@type\":\"SearchAction\",\"target\":{\"@type\":\"EntryPoint\",\"urlTemplate\":\"https:\/\/balatonneked.com\/?s={search_term_string}\"},\"query-input\":{\"@type\":\"PropertyValueSpecification\",\"valueRequired\":true,\"valueName\":\"search_term_string\"}}],\"inLanguage\":\"fr-FR\"},{\"@type\":\"Organization\",\"@id\":\"https:\/\/balatonneked.com\/#organization\",\"name\":\"BalatonNeked\",\"url\":\"https:\/\/balatonneked.com\/\",\"logo\":{\"@type\":\"ImageObject\",\"inLanguage\":\"fr-FR\",\"@id\":\"https:\/\/balatonneked.com\/#\/schema\/logo\/image\/\",\"url\":\"https:\/\/balatonneked.com\/wp-content\/uploads\/2019\/05\/bnekedlogo.png\",\"contentUrl\":\"https:\/\/balatonneked.com\/wp-content\/uploads\/2019\/05\/bnekedlogo.png\",\"width\":750,\"height\":750,\"caption\":\"BalatonNeked\"},\"image\":{\"@id\":\"https:\/\/balatonneked.com\/#\/schema\/logo\/image\/\"},\"sameAs\":[\"https:\/\/www.facebook.com\/BalatonNeked\"]}]}<\/script>\n<!-- \/ Yoast SEO plugin. -->","yoast_head_json":{"title":"R\u00e9szlet egy kor\u00e1bbi t\u00e9rk\u00e9p hirdet\u00e9si oldal\u00e1b\u00f3l - BALATON NEKED","robots":{"index":"index","follow":"follow","max-snippet":"max-snippet:-1","max-image-preview":"max-image-preview:large","max-video-preview":"max-video-preview:-1"},"canonical":"https:\/\/balatonneked.com\/fr\/reszlet-egy-korabbi-terkep-hirdetesi-oldalabol-2\/","og_locale":"fr_FR","og_type":"article","og_title":"R\u00e9szlet egy kor\u00e1bbi t\u00e9rk\u00e9p hirdet\u00e9si oldal\u00e1b\u00f3l - BALATON NEKED","og_url":"https:\/\/balatonneked.com\/fr\/reszlet-egy-korabbi-terkep-hirdetesi-oldalabol-2\/","og_site_name":"BALATON NEKED","article_publisher":"https:\/\/www.facebook.com\/BalatonNeked","article_modified_time":"2022-08-03T08:25:44+00:00","og_image":[{"url":"https:\/\/balatonneked.com\/wp-content\/uploads\/2022\/08\/Reszlet-egy-korabbi-terkep-hirdetesi-oldalabol-scaled.jpg","type":"","width":"","height":""}],"twitter_card":"summary_large_image","twitter_misc":{"Dur\u00e9e de lecture estim\u00e9e":"1 minute"},"schema":{"@context":"https:\/\/schema.org","@graph":[{"@type":"WebPage","@id":"https:\/\/balatonneked.com\/reszlet-egy-korabbi-terkep-hirdetesi-oldalabol-2\/","url":"https:\/\/balatonneked.com\/reszlet-egy-korabbi-terkep-hirdetesi-oldalabol-2\/","name":"R\u00e9szlet egy kor\u00e1bbi t\u00e9rk\u00e9p hirdet\u00e9si oldal\u00e1b\u00f3l - BALATON NEKED","isPartOf":{"@id":"https:\/\/balatonneked.com\/#website"},"primaryImageOfPage":{"@id":"https:\/\/balatonneked.com\/reszlet-egy-korabbi-terkep-hirdetesi-oldalabol-2\/#primaryimage"},"image":{"@id":"https:\/\/balatonneked.com\/reszlet-egy-korabbi-terkep-hirdetesi-oldalabol-2\/#primaryimage"},"thumbnailUrl":"https:\/\/balatonneked.com\/wp-content\/uploads\/2022\/08\/Reszlet-egy-korabbi-terkep-hirdetesi-oldalabol-scaled.jpg","datePublished":"2022-08-03T08:24:17+00:00","dateModified":"2022-08-03T08:25:44+00:00","breadcrumb":{"@id":"https:\/\/balatonneked.com\/reszlet-egy-korabbi-terkep-hirdetesi-oldalabol-2\/#breadcrumb"},"inLanguage":"fr-FR","potentialAction":[{"@type":"ReadAction","target":["https:\/\/balatonneked.com\/reszlet-egy-korabbi-terkep-hirdetesi-oldalabol-2\/"]}]},{"@type":"ImageObject","inLanguage":"fr-FR","@id":"https:\/\/balatonneked.com\/reszlet-egy-korabbi-terkep-hirdetesi-oldalabol-2\/#primaryimage","url":"https:\/\/balatonneked.com\/wp-content\/uploads\/2022\/08\/Reszlet-egy-korabbi-terkep-hirdetesi-oldalabol-scaled.jpg","contentUrl":"https:\/\/balatonneked.com\/wp-content\/uploads\/2022\/08\/Reszlet-egy-korabbi-terkep-hirdetesi-oldalabol-scaled.jpg"},{"@type":"BreadcrumbList","@id":"https:\/\/balatonneked.com\/reszlet-egy-korabbi-terkep-hirdetesi-oldalabol-2\/#breadcrumb","itemListElement":[{"@type":"ListItem","position":1,"name":"Kezd\u0151lap","item":"https:\/\/balatonneked.com\/"},{"@type":"ListItem","position":2,"name":"R\u00e9szlet egy kor\u00e1bbi t\u00e9rk\u00e9p hirdet\u00e9si oldal\u00e1b\u00f3l"}]},{"@type":"WebSite","@id":"https:\/\/balatonneked.com\/#website","url":"https:\/\/balatonneked.com\/","name":"BALATON NEKED","description":"A Balaton leginformat\u00edvabb magazinja","publisher":{"@id":"https:\/\/balatonneked.com\/#organization"},"potentialAction":[{"@type":"SearchAction","target":{"@type":"EntryPoint","urlTemplate":"https:\/\/balatonneked.com\/?s={search_term_string}"},"query-input":{"@type":"PropertyValueSpecification","valueRequired":true,"valueName":"search_term_string"}}],"inLanguage":"fr-FR"},{"@type":"Organization","@id":"https:\/\/balatonneked.com\/#organization","name":"BalatonNeked","url":"https:\/\/balatonneked.com\/","logo":{"@type":"ImageObject","inLanguage":"fr-FR","@id":"https:\/\/balatonneked.com\/#\/schema\/logo\/image\/","url":"https:\/\/balatonneked.com\/wp-content\/uploads\/2019\/05\/bnekedlogo.png","contentUrl":"https:\/\/balatonneked.com\/wp-content\/uploads\/2019\/05\/bnekedlogo.png","width":750,"height":750,"caption":"BalatonNeked"},"image":{"@id":"https:\/\/balatonneked.com\/#\/schema\/logo\/image\/"},"sameAs":["https:\/\/www.facebook.com\/BalatonNeked"]}]}},"_links":{"self":[{"href":"https:\/\/balatonneked.com\/fr\/wp-json\/wp\/v2\/pages\/4944","targetHints":{"allow":["GET"]}}],"collection":[{"href":"https:\/\/balatonneked.com\/fr\/wp-json\/wp\/v2\/pages"}],"about":[{"href":"https:\/\/balatonneked.com\/fr\/wp-json\/wp\/v2\/types\/page"}],"author":[{"embeddable":true,"href":"https:\/\/balatonneked.com\/fr\/wp-json\/wp\/v2\/users\/1"}],"replies":[{"embeddable":true,"href":"https:\/\/balatonneked.com\/fr\/wp-json\/wp\/v2\/comments?post=4944"}],"version-history":[{"count":4,"href":"https:\/\/balatonneked.com\/fr\/wp-json\/wp\/v2\/pages\/4944\/revisions"}],"predecessor-version":[{"id":4949,"href":"https:\/\/balatonneked.com\/fr\/wp-json\/wp\/v2\/pages\/4944\/revisions\/4949"}],"wp:attachment":[{"href":"https:\/\/balatonneked.com\/fr\/wp-json\/wp\/v2\/media?parent=4944"}],"curies":[{"name":"wp","href":"https:\/\/api.w.org\/{rel}","templated":true}]}}