{"id":4877,"date":"2022-08-03T08:58:37","date_gmt":"2022-08-03T07:58:37","guid":{"rendered":"https:\/\/balatonneked.com\/?page_id=4877"},"modified":"2023-08-07T18:13:17","modified_gmt":"2023-08-07T17:13:17","slug":"furedterkep","status":"publish","type":"page","link":"https:\/\/balatonneked.com\/fr\/furedterkep\/","title":{"rendered":"F\u00fcredt\u00e9rk\u00e9p"},"content":{"rendered":"<div data-elementor-type=\"wp-page\" data-elementor-id=\"4877\" class=\"elementor elementor-4877\" data-elementor-post-type=\"page\">\n\t\t\t\t\t\t<section class=\"elementor-section elementor-top-section elementor-element elementor-element-26e4cb1 elementor-section-height-full elementor-section-boxed elementor-section-height-default elementor-section-items-middle\" data-id=\"26e4cb1\" data-element_type=\"section\">\n\t\t\t\t\t\t<div class=\"elementor-container elementor-column-gap-default\">\n\t\t\t\t\t<div class=\"elementor-column elementor-col-100 elementor-top-column elementor-element elementor-element-65a6f76\" data-id=\"65a6f76\" data-element_type=\"column\">\n\t\t\t<div class=\"elementor-widget-wrap elementor-element-populated\">\n\t\t\t\t\t\t<div class=\"elementor-element elementor-element-1476c2a elementor-widget elementor-widget-image\" data-id=\"1476c2a\" data-element_type=\"widget\" data-widget_type=\"image.default\">\n\t\t\t\t<div class=\"elementor-widget-container\">\n\t\t\t\t\t\t\t\t\t\t\t\t\t\t\t\t<a href=\"https:\/\/balatonneked.com\/wp-content\/uploads\/2023\/08\/fured-kornyeke.jpg\" data-elementor-open-lightbox=\"yes\" data-elementor-lightbox-title=\"fured-kornyeke\" data-e-action-hash=\"#elementor-action%3Aaction%3Dlightbox%26settings%3DeyJpZCI6NTE5NiwidXJsIjoiaHR0cHM6XC9cL2JhbGF0b25uZWtlZC5jb21cL3dwLWNvbnRlbnRcL3VwbG9hZHNcLzIwMjNcLzA4XC9mdXJlZC1rb3JueWVrZS5qcGcifQ%3D%3D\">\n\t\t\t\t\t\t\t<img fetchpriority=\"high\" decoding=\"async\" width=\"1024\" height=\"893\" src=\"https:\/\/balatonneked.com\/wp-content\/uploads\/2023\/08\/fured-kornyeke-1024x893.jpg\" class=\"attachment-large size-large wp-image-5196\" alt=\"\" srcset=\"https:\/\/balatonneked.com\/wp-content\/uploads\/2023\/08\/fured-kornyeke-1024x893.jpg 1024w, https:\/\/balatonneked.com\/wp-content\/uploads\/2023\/08\/fured-kornyeke-300x262.jpg 300w, https:\/\/balatonneked.com\/wp-content\/uploads\/2023\/08\/fured-kornyeke-768x670.jpg 768w, https:\/\/balatonneked.com\/wp-content\/uploads\/2023\/08\/fured-kornyeke-1536x1340.jpg 1536w, https:\/\/balatonneked.com\/wp-content\/uploads\/2023\/08\/fured-kornyeke-600x523.jpg 600w, https:\/\/balatonneked.com\/wp-content\/uploads\/2023\/08\/fured-kornyeke.jpg 2048w\" sizes=\"(max-width: 1024px) 100vw, 1024px\" \/>\t\t\t\t\t\t\t\t<\/a>\n\t\t\t\t\t\t\t\t\t\t\t\t\t\t\t<\/div>\n\t\t\t\t<\/div>\n\t\t\t\t\t<\/div>\n\t\t<\/div>\n\t\t\t\t\t<\/div>\n\t\t<\/section>\n\t\t\t\t<\/div>","protected":false},"excerpt":{"rendered":"","protected":false},"author":1,"featured_media":0,"parent":0,"menu_order":0,"comment_status":"closed","ping_status":"closed","template":"elementor_canvas","meta":{"_acf_changed":false,"footnotes":""},"class_list":["post-4877","page","type-page","status-publish","hentry"],"acf":[],"yoast_head":"<!-- This site is optimized with the Yoast SEO plugin v25.1 - https:\/\/yoast.com\/wordpress\/plugins\/seo\/ -->\n<title>F\u00fcredt\u00e9rk\u00e9p - BALATON NEKED<\/title>\n<meta name=\"robots\" content=\"index, follow, max-snippet:-1, max-image-preview:large, max-video-preview:-1\" \/>\n<link rel=\"canonical\" href=\"https:\/\/balatonneked.com\/fr\/furedterkep\/\" \/>\n<meta property=\"og:locale\" content=\"fr_FR\" \/>\n<meta property=\"og:type\" content=\"article\" \/>\n<meta property=\"og:title\" content=\"F\u00fcredt\u00e9rk\u00e9p - BALATON NEKED\" \/>\n<meta property=\"og:url\" content=\"https:\/\/balatonneked.com\/fr\/furedterkep\/\" \/>\n<meta property=\"og:site_name\" content=\"BALATON NEKED\" \/>\n<meta property=\"article:publisher\" content=\"https:\/\/www.facebook.com\/BalatonNeked\" \/>\n<meta property=\"article:modified_time\" content=\"2023-08-07T17:13:17+00:00\" \/>\n<meta property=\"og:image\" content=\"https:\/\/balatonneked.com\/wp-content\/uploads\/2023\/08\/fured-kornyeke-1024x893.jpg\" \/>\n<meta name=\"twitter:card\" content=\"summary_large_image\" \/>\n<meta name=\"twitter:label1\" content=\"Dur\u00e9e de lecture estim\u00e9e\" \/>\n\t<meta name=\"twitter:data1\" content=\"1 minute\" \/>\n<script type=\"application\/ld+json\" class=\"yoast-schema-graph\">{\"@context\":\"https:\/\/schema.org\",\"@graph\":[{\"@type\":\"WebPage\",\"@id\":\"https:\/\/balatonneked.com\/furedterkep\/\",\"url\":\"https:\/\/balatonneked.com\/furedterkep\/\",\"name\":\"F\u00fcredt\u00e9rk\u00e9p - BALATON NEKED\",\"isPartOf\":{\"@id\":\"https:\/\/balatonneked.com\/#website\"},\"primaryImageOfPage\":{\"@id\":\"https:\/\/balatonneked.com\/furedterkep\/#primaryimage\"},\"image\":{\"@id\":\"https:\/\/balatonneked.com\/furedterkep\/#primaryimage\"},\"thumbnailUrl\":\"https:\/\/balatonneked.com\/wp-content\/uploads\/2023\/08\/fured-kornyeke-1024x893.jpg\",\"datePublished\":\"2022-08-03T07:58:37+00:00\",\"dateModified\":\"2023-08-07T17:13:17+00:00\",\"breadcrumb\":{\"@id\":\"https:\/\/balatonneked.com\/furedterkep\/#breadcrumb\"},\"inLanguage\":\"fr-FR\",\"potentialAction\":[{\"@type\":\"ReadAction\",\"target\":[\"https:\/\/balatonneked.com\/furedterkep\/\"]}]},{\"@type\":\"ImageObject\",\"inLanguage\":\"fr-FR\",\"@id\":\"https:\/\/balatonneked.com\/furedterkep\/#primaryimage\",\"url\":\"https:\/\/balatonneked.com\/wp-content\/uploads\/2023\/08\/fured-kornyeke-1024x893.jpg\",\"contentUrl\":\"https:\/\/balatonneked.com\/wp-content\/uploads\/2023\/08\/fured-kornyeke-1024x893.jpg\"},{\"@type\":\"BreadcrumbList\",\"@id\":\"https:\/\/balatonneked.com\/furedterkep\/#breadcrumb\",\"itemListElement\":[{\"@type\":\"ListItem\",\"position\":1,\"name\":\"Kezd\u0151lap\",\"item\":\"https:\/\/balatonneked.com\/\"},{\"@type\":\"ListItem\",\"position\":2,\"name\":\"F\u00fcredt\u00e9rk\u00e9p\"}]},{\"@type\":\"WebSite\",\"@id\":\"https:\/\/balatonneked.com\/#website\",\"url\":\"https:\/\/balatonneked.com\/\",\"name\":\"BALATON NEKED\",\"description\":\"A Balaton leginformat\u00edvabb magazinja\",\"publisher\":{\"@id\":\"https:\/\/balatonneked.com\/#organization\"},\"potentialAction\":[{\"@type\":\"SearchAction\",\"target\":{\"@type\":\"EntryPoint\",\"urlTemplate\":\"https:\/\/balatonneked.com\/?s={search_term_string}\"},\"query-input\":{\"@type\":\"PropertyValueSpecification\",\"valueRequired\":true,\"valueName\":\"search_term_string\"}}],\"inLanguage\":\"fr-FR\"},{\"@type\":\"Organization\",\"@id\":\"https:\/\/balatonneked.com\/#organization\",\"name\":\"BalatonNeked\",\"url\":\"https:\/\/balatonneked.com\/\",\"logo\":{\"@type\":\"ImageObject\",\"inLanguage\":\"fr-FR\",\"@id\":\"https:\/\/balatonneked.com\/#\/schema\/logo\/image\/\",\"url\":\"https:\/\/balatonneked.com\/wp-content\/uploads\/2019\/05\/bnekedlogo.png\",\"contentUrl\":\"https:\/\/balatonneked.com\/wp-content\/uploads\/2019\/05\/bnekedlogo.png\",\"width\":750,\"height\":750,\"caption\":\"BalatonNeked\"},\"image\":{\"@id\":\"https:\/\/balatonneked.com\/#\/schema\/logo\/image\/\"},\"sameAs\":[\"https:\/\/www.facebook.com\/BalatonNeked\"]}]}<\/script>\n<!-- \/ Yoast SEO plugin. -->","yoast_head_json":{"title":"F\u00fcredt\u00e9rk\u00e9p - BALATON NEKED","robots":{"index":"index","follow":"follow","max-snippet":"max-snippet:-1","max-image-preview":"max-image-preview:large","max-video-preview":"max-video-preview:-1"},"canonical":"https:\/\/balatonneked.com\/fr\/furedterkep\/","og_locale":"fr_FR","og_type":"article","og_title":"F\u00fcredt\u00e9rk\u00e9p - BALATON NEKED","og_url":"https:\/\/balatonneked.com\/fr\/furedterkep\/","og_site_name":"BALATON NEKED","article_publisher":"https:\/\/www.facebook.com\/BalatonNeked","article_modified_time":"2023-08-07T17:13:17+00:00","og_image":[{"url":"https:\/\/balatonneked.com\/wp-content\/uploads\/2023\/08\/fured-kornyeke-1024x893.jpg","type":"","width":"","height":""}],"twitter_card":"summary_large_image","twitter_misc":{"Dur\u00e9e de lecture estim\u00e9e":"1 minute"},"schema":{"@context":"https:\/\/schema.org","@graph":[{"@type":"WebPage","@id":"https:\/\/balatonneked.com\/furedterkep\/","url":"https:\/\/balatonneked.com\/furedterkep\/","name":"F\u00fcredt\u00e9rk\u00e9p - BALATON NEKED","isPartOf":{"@id":"https:\/\/balatonneked.com\/#website"},"primaryImageOfPage":{"@id":"https:\/\/balatonneked.com\/furedterkep\/#primaryimage"},"image":{"@id":"https:\/\/balatonneked.com\/furedterkep\/#primaryimage"},"thumbnailUrl":"https:\/\/balatonneked.com\/wp-content\/uploads\/2023\/08\/fured-kornyeke-1024x893.jpg","datePublished":"2022-08-03T07:58:37+00:00","dateModified":"2023-08-07T17:13:17+00:00","breadcrumb":{"@id":"https:\/\/balatonneked.com\/furedterkep\/#breadcrumb"},"inLanguage":"fr-FR","potentialAction":[{"@type":"ReadAction","target":["https:\/\/balatonneked.com\/furedterkep\/"]}]},{"@type":"ImageObject","inLanguage":"fr-FR","@id":"https:\/\/balatonneked.com\/furedterkep\/#primaryimage","url":"https:\/\/balatonneked.com\/wp-content\/uploads\/2023\/08\/fured-kornyeke-1024x893.jpg","contentUrl":"https:\/\/balatonneked.com\/wp-content\/uploads\/2023\/08\/fured-kornyeke-1024x893.jpg"},{"@type":"BreadcrumbList","@id":"https:\/\/balatonneked.com\/furedterkep\/#breadcrumb","itemListElement":[{"@type":"ListItem","position":1,"name":"Kezd\u0151lap","item":"https:\/\/balatonneked.com\/"},{"@type":"ListItem","position":2,"name":"F\u00fcredt\u00e9rk\u00e9p"}]},{"@type":"WebSite","@id":"https:\/\/balatonneked.com\/#website","url":"https:\/\/balatonneked.com\/","name":"BALATON NEKED","description":"A Balaton leginformat\u00edvabb magazinja","publisher":{"@id":"https:\/\/balatonneked.com\/#organization"},"potentialAction":[{"@type":"SearchAction","target":{"@type":"EntryPoint","urlTemplate":"https:\/\/balatonneked.com\/?s={search_term_string}"},"query-input":{"@type":"PropertyValueSpecification","valueRequired":true,"valueName":"search_term_string"}}],"inLanguage":"fr-FR"},{"@type":"Organization","@id":"https:\/\/balatonneked.com\/#organization","name":"BalatonNeked","url":"https:\/\/balatonneked.com\/","logo":{"@type":"ImageObject","inLanguage":"fr-FR","@id":"https:\/\/balatonneked.com\/#\/schema\/logo\/image\/","url":"https:\/\/balatonneked.com\/wp-content\/uploads\/2019\/05\/bnekedlogo.png","contentUrl":"https:\/\/balatonneked.com\/wp-content\/uploads\/2019\/05\/bnekedlogo.png","width":750,"height":750,"caption":"BalatonNeked"},"image":{"@id":"https:\/\/balatonneked.com\/#\/schema\/logo\/image\/"},"sameAs":["https:\/\/www.facebook.com\/BalatonNeked"]}]}},"_links":{"self":[{"href":"https:\/\/balatonneked.com\/fr\/wp-json\/wp\/v2\/pages\/4877","targetHints":{"allow":["GET"]}}],"collection":[{"href":"https:\/\/balatonneked.com\/fr\/wp-json\/wp\/v2\/pages"}],"about":[{"href":"https:\/\/balatonneked.com\/fr\/wp-json\/wp\/v2\/types\/page"}],"author":[{"embeddable":true,"href":"https:\/\/balatonneked.com\/fr\/wp-json\/wp\/v2\/users\/1"}],"replies":[{"embeddable":true,"href":"https:\/\/balatonneked.com\/fr\/wp-json\/wp\/v2\/comments?post=4877"}],"version-history":[{"count":7,"href":"https:\/\/balatonneked.com\/fr\/wp-json\/wp\/v2\/pages\/4877\/revisions"}],"predecessor-version":[{"id":5237,"href":"https:\/\/balatonneked.com\/fr\/wp-json\/wp\/v2\/pages\/4877\/revisions\/5237"}],"wp:attachment":[{"href":"https:\/\/balatonneked.com\/fr\/wp-json\/wp\/v2\/media?parent=4877"}],"curies":[{"name":"wp","href":"https:\/\/api.w.org\/{rel}","templated":true}]}}