{"id":3633,"date":"2022-05-09T16:10:50","date_gmt":"2022-05-09T15:10:50","guid":{"rendered":"https:\/\/balatonneked.com\/?post_type=product&#038;p=3633"},"modified":"2022-05-10T11:02:54","modified_gmt":"2022-05-10T10:02:54","slug":"balatonneked-print-magazine-2022-edition","status":"publish","type":"product","link":"https:\/\/balatonneked.com\/en\/product\/balatonneked-print-magazine-2022-edition\/","title":{"rendered":"Your Balaton print magazine 2022 edition"},"content":{"rendered":"","protected":false},"excerpt":{"rendered":"<p><span style=\"font-weight: 400;\">We provide 4 + 1 sizes of appearance:<\/span><\/p>\n<p><span style=\"font-weight: 400;\">\u27a1\ufe0f5*5cm<\/span><\/p>\n<p><span style=\"font-weight: 400;\">\u27a1\ufe0f5*10cm \/ 10*5cm<\/span><\/p>\n<p><span style=\"font-weight: 400;\">\u27a1\ufe0f10*10cm<\/span><\/p>\n<p><span style=\"font-weight: 400;\">\u27a1\ufe0fhajtott back page (1\/1)<\/span><\/p>\n<p>&nbsp;<\/p>\n<p><span style=\"font-weight: 400;\">\u2b50\ufe0ft\u00e9rk\u00e9peink have been on the market for 9 years<\/span><\/p>\n<p><span style=\"font-weight: 400;\">\u2b50\ufe0fd\u00edjnyertes publication<\/span><\/p>\n<p><span style=\"font-weight: 400;\">\u2b50\ufe0fn\u00e9prajzi have value<\/span><\/p>\n<p><span style=\"font-weight: 400;\">\u2b50\ufe0f\u00fajrahasznos\u00edthat\u00f3ak<\/span><\/p>\n<p><span style=\"font-weight: 400;\">\u2b50\ufe0fzsebben can fit<\/span><\/p>\n<p><span style=\"font-weight: 400;\">\u2b50\ufe0f1:30.000 resolution<\/span><\/p>\n<p><span style=\"font-weight: 400;\">\u2b50\ufe0ft\u00fara routes are marked separately<\/span><\/p>\n<p><span style=\"font-weight: 400;\">\u2b50\ufe0fa best existing hiking map<\/span><\/p>\n<p><span style=\"font-weight: 400;\">\u2b50\ufe0f10.000 printed copies <\/span><\/p>","protected":false},"featured_media":3565,"comment_status":"closed","ping_status":"closed","template":"","meta":{"_acf_changed":false},"product_brand":[],"product_cat":[436],"product_tag":[437],"class_list":{"0":"post-3633","1":"product","2":"type-product","3":"status-publish","4":"has-post-thumbnail","6":"product_cat-magazin","7":"product_tag-437","9":"first","10":"instock","11":"shipping-taxable","12":"purchasable","13":"product-type-simple"},"acf":[],"yoast_head":"<!-- This site is optimized with the Yoast SEO plugin v25.1 - https:\/\/yoast.com\/wordpress\/plugins\/seo\/ -->\n<title>Balatonneked nyomtatott magazin 2022-es kiad\u00e1s - BALATON NEKED<\/title>\n<meta name=\"robots\" content=\"index, follow, max-snippet:-1, max-image-preview:large, max-video-preview:-1\" \/>\n<link rel=\"canonical\" href=\"https:\/\/balatonneked.com\/en\/product\/balatonneked-print-magazine-2022-edition\/\" \/>\n<meta property=\"og:locale\" content=\"en_GB\" \/>\n<meta property=\"og:type\" content=\"article\" \/>\n<meta property=\"og:title\" content=\"Balatonneked nyomtatott magazin 2022-es kiad\u00e1s - BALATON NEKED\" \/>\n<meta property=\"og:description\" content=\"4 + 1 m\u00e9retben biztos\u00edtunk megjelen\u00e9st:  \u27a1\ufe0f5*5cm  \u27a1\ufe0f5*10cm \/ 10*5cm  \u27a1\ufe0f10*10cm  \u27a1\ufe0fhajtott h\u00e1toldal (1\/1)  &nbsp;  \u2b50\ufe0ft\u00e9rk\u00e9peink 9 \u00e9ve vannak a piacon  \u2b50\ufe0fd\u00edjnyertes kiadv\u00e1ny  \u2b50\ufe0fn\u00e9prajzi \u00e9rt\u00e9ket k\u00e9pviselnek  \u2b50\ufe0f\u00fajrahasznos\u00edthat\u00f3ak  \u2b50\ufe0fzsebben elf\u00e9rnek  \u2b50\ufe0f1:30.000 felbont\u00e1s  \u2b50\ufe0ft\u00fara \u00fatvonalakat k\u00fcl\u00f6n jel\u00f6lt\u00fck  \u2b50\ufe0fa l\u00e9tez\u0151 legjobb t\u00fara t\u00e9rk\u00e9p  \u2b50\ufe0f10.000 nyomtatott darab\" \/>\n<meta property=\"og:url\" content=\"https:\/\/balatonneked.com\/en\/product\/balatonneked-print-magazine-2022-edition\/\" \/>\n<meta property=\"og:site_name\" content=\"BALATON NEKED\" \/>\n<meta property=\"article:publisher\" content=\"https:\/\/www.facebook.com\/BalatonNeked\" \/>\n<meta property=\"article:modified_time\" content=\"2022-05-10T10:02:54+00:00\" \/>\n<meta property=\"og:image\" content=\"https:\/\/balatonneked.com\/wp-content\/uploads\/2022\/05\/cropped-hatter-nelkuli-3-2.png\" \/>\n\t<meta property=\"og:image:width\" content=\"512\" \/>\n\t<meta property=\"og:image:height\" content=\"512\" \/>\n\t<meta property=\"og:image:type\" content=\"image\/png\" \/>\n<meta name=\"twitter:card\" content=\"summary_large_image\" \/>\n<script type=\"application\/ld+json\" class=\"yoast-schema-graph\">{\"@context\":\"https:\/\/schema.org\",\"@graph\":[{\"@type\":\"WebPage\",\"@id\":\"https:\/\/balatonneked.com\/termek\/balatonneked-nyomtatott-magazin-2022-es-kiadas\/\",\"url\":\"https:\/\/balatonneked.com\/termek\/balatonneked-nyomtatott-magazin-2022-es-kiadas\/\",\"name\":\"Balatonneked nyomtatott magazin 2022-es kiad\u00e1s - BALATON NEKED\",\"isPartOf\":{\"@id\":\"https:\/\/balatonneked.com\/#website\"},\"primaryImageOfPage\":{\"@id\":\"https:\/\/balatonneked.com\/termek\/balatonneked-nyomtatott-magazin-2022-es-kiadas\/#primaryimage\"},\"image\":{\"@id\":\"https:\/\/balatonneked.com\/termek\/balatonneked-nyomtatott-magazin-2022-es-kiadas\/#primaryimage\"},\"thumbnailUrl\":\"https:\/\/balatonneked.com\/wp-content\/uploads\/2022\/05\/cropped-hatter-nelkuli-3-2.png\",\"datePublished\":\"2022-05-09T15:10:50+00:00\",\"dateModified\":\"2022-05-10T10:02:54+00:00\",\"breadcrumb\":{\"@id\":\"https:\/\/balatonneked.com\/termek\/balatonneked-nyomtatott-magazin-2022-es-kiadas\/#breadcrumb\"},\"inLanguage\":\"en-GB\",\"potentialAction\":[{\"@type\":\"ReadAction\",\"target\":[\"https:\/\/balatonneked.com\/termek\/balatonneked-nyomtatott-magazin-2022-es-kiadas\/\"]}]},{\"@type\":\"ImageObject\",\"inLanguage\":\"en-GB\",\"@id\":\"https:\/\/balatonneked.com\/termek\/balatonneked-nyomtatott-magazin-2022-es-kiadas\/#primaryimage\",\"url\":\"https:\/\/balatonneked.com\/wp-content\/uploads\/2022\/05\/cropped-hatter-nelkuli-3-2.png\",\"contentUrl\":\"https:\/\/balatonneked.com\/wp-content\/uploads\/2022\/05\/cropped-hatter-nelkuli-3-2.png\",\"width\":512,\"height\":512},{\"@type\":\"BreadcrumbList\",\"@id\":\"https:\/\/balatonneked.com\/termek\/balatonneked-nyomtatott-magazin-2022-es-kiadas\/#breadcrumb\",\"itemListElement\":[{\"@type\":\"ListItem\",\"position\":1,\"name\":\"Kezd\u0151lap\",\"item\":\"https:\/\/balatonneked.com\/\"},{\"@type\":\"ListItem\",\"position\":2,\"name\":\"\u00dczlet\",\"item\":\"https:\/\/balatonneked.com\/uzlet\/\"},{\"@type\":\"ListItem\",\"position\":3,\"name\":\"Balatonneked nyomtatott magazin 2022-es kiad\u00e1s\"}]},{\"@type\":\"WebSite\",\"@id\":\"https:\/\/balatonneked.com\/#website\",\"url\":\"https:\/\/balatonneked.com\/\",\"name\":\"BALATON NEKED\",\"description\":\"A Balaton leginformat\u00edvabb magazinja\",\"publisher\":{\"@id\":\"https:\/\/balatonneked.com\/#organization\"},\"potentialAction\":[{\"@type\":\"SearchAction\",\"target\":{\"@type\":\"EntryPoint\",\"urlTemplate\":\"https:\/\/balatonneked.com\/?s={search_term_string}\"},\"query-input\":{\"@type\":\"PropertyValueSpecification\",\"valueRequired\":true,\"valueName\":\"search_term_string\"}}],\"inLanguage\":\"en-GB\"},{\"@type\":\"Organization\",\"@id\":\"https:\/\/balatonneked.com\/#organization\",\"name\":\"BalatonNeked\",\"url\":\"https:\/\/balatonneked.com\/\",\"logo\":{\"@type\":\"ImageObject\",\"inLanguage\":\"en-GB\",\"@id\":\"https:\/\/balatonneked.com\/#\/schema\/logo\/image\/\",\"url\":\"https:\/\/balatonneked.com\/wp-content\/uploads\/2019\/05\/bnekedlogo.png\",\"contentUrl\":\"https:\/\/balatonneked.com\/wp-content\/uploads\/2019\/05\/bnekedlogo.png\",\"width\":750,\"height\":750,\"caption\":\"BalatonNeked\"},\"image\":{\"@id\":\"https:\/\/balatonneked.com\/#\/schema\/logo\/image\/\"},\"sameAs\":[\"https:\/\/www.facebook.com\/BalatonNeked\"]}]}<\/script>\n<!-- \/ Yoast SEO plugin. -->","yoast_head_json":{"title":"Balatonneked nyomtatott magazin 2022-es kiad\u00e1s - BALATON NEKED","robots":{"index":"index","follow":"follow","max-snippet":"max-snippet:-1","max-image-preview":"max-image-preview:large","max-video-preview":"max-video-preview:-1"},"canonical":"https:\/\/balatonneked.com\/en\/product\/balatonneked-print-magazine-2022-edition\/","og_locale":"en_GB","og_type":"article","og_title":"Balatonneked nyomtatott magazin 2022-es kiad\u00e1s - BALATON NEKED","og_description":"4 + 1 m\u00e9retben biztos\u00edtunk megjelen\u00e9st:  \u27a1\ufe0f5*5cm  \u27a1\ufe0f5*10cm \/ 10*5cm  \u27a1\ufe0f10*10cm  \u27a1\ufe0fhajtott h\u00e1toldal (1\/1)  &nbsp;  \u2b50\ufe0ft\u00e9rk\u00e9peink 9 \u00e9ve vannak a piacon  \u2b50\ufe0fd\u00edjnyertes kiadv\u00e1ny  \u2b50\ufe0fn\u00e9prajzi \u00e9rt\u00e9ket k\u00e9pviselnek  \u2b50\ufe0f\u00fajrahasznos\u00edthat\u00f3ak  \u2b50\ufe0fzsebben elf\u00e9rnek  \u2b50\ufe0f1:30.000 felbont\u00e1s  \u2b50\ufe0ft\u00fara \u00fatvonalakat k\u00fcl\u00f6n jel\u00f6lt\u00fck  \u2b50\ufe0fa l\u00e9tez\u0151 legjobb t\u00fara t\u00e9rk\u00e9p  \u2b50\ufe0f10.000 nyomtatott darab","og_url":"https:\/\/balatonneked.com\/en\/product\/balatonneked-print-magazine-2022-edition\/","og_site_name":"BALATON NEKED","article_publisher":"https:\/\/www.facebook.com\/BalatonNeked","article_modified_time":"2022-05-10T10:02:54+00:00","og_image":[{"width":512,"height":512,"url":"https:\/\/balatonneked.com\/wp-content\/uploads\/2022\/05\/cropped-hatter-nelkuli-3-2.png","type":"image\/png"}],"twitter_card":"summary_large_image","schema":{"@context":"https:\/\/schema.org","@graph":[{"@type":"WebPage","@id":"https:\/\/balatonneked.com\/termek\/balatonneked-nyomtatott-magazin-2022-es-kiadas\/","url":"https:\/\/balatonneked.com\/termek\/balatonneked-nyomtatott-magazin-2022-es-kiadas\/","name":"Balatonneked nyomtatott magazin 2022-es kiad\u00e1s - BALATON NEKED","isPartOf":{"@id":"https:\/\/balatonneked.com\/#website"},"primaryImageOfPage":{"@id":"https:\/\/balatonneked.com\/termek\/balatonneked-nyomtatott-magazin-2022-es-kiadas\/#primaryimage"},"image":{"@id":"https:\/\/balatonneked.com\/termek\/balatonneked-nyomtatott-magazin-2022-es-kiadas\/#primaryimage"},"thumbnailUrl":"https:\/\/balatonneked.com\/wp-content\/uploads\/2022\/05\/cropped-hatter-nelkuli-3-2.png","datePublished":"2022-05-09T15:10:50+00:00","dateModified":"2022-05-10T10:02:54+00:00","breadcrumb":{"@id":"https:\/\/balatonneked.com\/termek\/balatonneked-nyomtatott-magazin-2022-es-kiadas\/#breadcrumb"},"inLanguage":"en-GB","potentialAction":[{"@type":"ReadAction","target":["https:\/\/balatonneked.com\/termek\/balatonneked-nyomtatott-magazin-2022-es-kiadas\/"]}]},{"@type":"ImageObject","inLanguage":"en-GB","@id":"https:\/\/balatonneked.com\/termek\/balatonneked-nyomtatott-magazin-2022-es-kiadas\/#primaryimage","url":"https:\/\/balatonneked.com\/wp-content\/uploads\/2022\/05\/cropped-hatter-nelkuli-3-2.png","contentUrl":"https:\/\/balatonneked.com\/wp-content\/uploads\/2022\/05\/cropped-hatter-nelkuli-3-2.png","width":512,"height":512},{"@type":"BreadcrumbList","@id":"https:\/\/balatonneked.com\/termek\/balatonneked-nyomtatott-magazin-2022-es-kiadas\/#breadcrumb","itemListElement":[{"@type":"ListItem","position":1,"name":"Kezd\u0151lap","item":"https:\/\/balatonneked.com\/"},{"@type":"ListItem","position":2,"name":"\u00dczlet","item":"https:\/\/balatonneked.com\/uzlet\/"},{"@type":"ListItem","position":3,"name":"Balatonneked nyomtatott magazin 2022-es kiad\u00e1s"}]},{"@type":"WebSite","@id":"https:\/\/balatonneked.com\/#website","url":"https:\/\/balatonneked.com\/","name":"BALATON NEKED","description":"A Balaton leginformat\u00edvabb magazinja","publisher":{"@id":"https:\/\/balatonneked.com\/#organization"},"potentialAction":[{"@type":"SearchAction","target":{"@type":"EntryPoint","urlTemplate":"https:\/\/balatonneked.com\/?s={search_term_string}"},"query-input":{"@type":"PropertyValueSpecification","valueRequired":true,"valueName":"search_term_string"}}],"inLanguage":"en-GB"},{"@type":"Organization","@id":"https:\/\/balatonneked.com\/#organization","name":"BalatonNeked","url":"https:\/\/balatonneked.com\/","logo":{"@type":"ImageObject","inLanguage":"en-GB","@id":"https:\/\/balatonneked.com\/#\/schema\/logo\/image\/","url":"https:\/\/balatonneked.com\/wp-content\/uploads\/2019\/05\/bnekedlogo.png","contentUrl":"https:\/\/balatonneked.com\/wp-content\/uploads\/2019\/05\/bnekedlogo.png","width":750,"height":750,"caption":"BalatonNeked"},"image":{"@id":"https:\/\/balatonneked.com\/#\/schema\/logo\/image\/"},"sameAs":["https:\/\/www.facebook.com\/BalatonNeked"]}]}},"_links":{"self":[{"href":"https:\/\/balatonneked.com\/en\/wp-json\/wp\/v2\/product\/3633","targetHints":{"allow":["GET"]}}],"collection":[{"href":"https:\/\/balatonneked.com\/en\/wp-json\/wp\/v2\/product"}],"about":[{"href":"https:\/\/balatonneked.com\/en\/wp-json\/wp\/v2\/types\/product"}],"replies":[{"embeddable":true,"href":"https:\/\/balatonneked.com\/en\/wp-json\/wp\/v2\/comments?post=3633"}],"wp:featuredmedia":[{"embeddable":true,"href":"https:\/\/balatonneked.com\/en\/wp-json\/wp\/v2\/media\/3565"}],"wp:attachment":[{"href":"https:\/\/balatonneked.com\/en\/wp-json\/wp\/v2\/media?parent=3633"}],"wp:term":[{"taxonomy":"product_brand","embeddable":true,"href":"https:\/\/balatonneked.com\/en\/wp-json\/wp\/v2\/product_brand?post=3633"},{"taxonomy":"product_cat","embeddable":true,"href":"https:\/\/balatonneked.com\/en\/wp-json\/wp\/v2\/product_cat?post=3633"},{"taxonomy":"product_tag","embeddable":true,"href":"https:\/\/balatonneked.com\/en\/wp-json\/wp\/v2\/product_tag?post=3633"}],"curies":[{"name":"wp","href":"https:\/\/api.w.org\/{rel}","templated":true}]}}